{"id":230,"date":"2021-07-21T12:45:13","date_gmt":"2021-07-21T17:45:13","guid":{"rendered":"https:\/\/mobex.mx\/?page_id=230"},"modified":"2021-07-21T12:56:32","modified_gmt":"2021-07-21T17:56:32","slug":"aviso-de-privacidad","status":"publish","type":"page","link":"https:\/\/mobex.mx\/index.php\/aviso-de-privacidad\/","title":{"rendered":"Aviso de Privacidad"},"content":{"rendered":"\n<h2 class=\"wp-block-heading\">Aviso de Privacidad<\/h2>\n\n\n\n<p>El presente Aviso de Privacidad rige el tratamiento de los datos personales por parte de Mobex, con domicilio en Alfa 77 \u2013 A, Col. Patriotismo, Puebla, Puebla. C.P. 72130, M\u00e9xico. y con tel\u00e9fono (+52 222) 462-9939 (en lo sucesivo \u201cMOBEX\u201d), que tratar\u00e1 los datos personales que a Usted le conciernen como titular de los datos personales, con la finalidad de proteger su privacidad y derecho a la autodeterminaci\u00f3n informativa, conforme lo establecido por la Ley Federal de Protecci\u00f3n de Datos Personales en Posesi\u00f3n de los Particulares, su Reglamento, as\u00ed como los Lineamientos de Aviso de Privacidad publicados en el Diario Oficial de la Federaci\u00f3n el 17 de enero de 2013 (en lo sucesivo \u201cLos Ordenamientos\u201d).&nbsp;<\/p>\n\n\n\n<p>En MOBEX, tanto para visitantes, clientes, proveedores y candidatos, tratamos sus datos personales para fines: (I) informativos; (II) publicitarios; (III) administrativos; (IV) y, en general para la prestaci\u00f3n de servicios solicitados a GRUPO PMS a trav\u00e9s de los medios de comunicaci\u00f3n disponibles en ese momento por GRUPO PMS. Le informamos en este acto que los datos personales que nos haya proporcionado como datos de identificaci\u00f3n: (I) nombre completo; (II) domicilio de contacto; (III) tel\u00e9fono; (IV) correo electr\u00f3nico; y\/o (V) datos financieros y\/o cualquier otra informaci\u00f3n relacionada con los servicios de MOBEX, previa autorizaci\u00f3n por el titular o responsable de los datos, MOBEX es el \u00fanico responsable del tratamiento, uso, almacenamiento y\/o divulgaci\u00f3n de sus datos personales conforme a lo establecido en Los Ordenamientos.&nbsp;<\/p>\n\n\n\n<p>Para todos los efectos legales, manifestamos a Usted que para la seguridad suya, del personal que aqu\u00ed labora y de los activos de MOBEX, existen diversos puntos dentro de las instalaciones, donde se han instalado c\u00e1maras de video-vigilancia en un sistema de circuito cerrado de televisi\u00f3n, para el monitoreo de los espacios a d\u00f3nde se dirigen. MOBEX garantiza en este acto que sus datos personales ser\u00e1n almacenados y tratados con las medidas de seguridad establecidas en la Ley. El Usuario, en relaci\u00f3n con sus datos personales, podr\u00e1 ejercer sus derechos de acceso a datos personales que MOBEX posee, rectificar sus datos personales cuando sean inexactos o incompletos, cancelar sus datos personales cuando considere que son excesivos o innecesarios para las finalidades del tratamiento o haya finalizado la relaci\u00f3n contractual o de servicio u oponerse a proporcionar sus datos personales (derechos ARCO) para los fines aqu\u00ed mencionados, as\u00ed como revocar su consentimiento para el tratamiento de sus datos personales, a fin de que MOBEX deje de hacer uso de los mismos.&nbsp;<\/p>\n\n\n\n<p>Lo anterior lo podr\u00e1 realizar, utilizando el mecanismo que ponemos a su disposici\u00f3n en nuestro portal. El presente es un Aviso de Privacidad simplificado. Para conocer el contenido del Aviso de Privacidad Integral de MOBEX, le pedimos atentamente acceder a la p\u00e1gina web: www.mobex.com.mx; si tiene cualquier duda o comentario al respecto, favor de contactarnos directamente al siguiente correo: hola@mobex.mx. Cualquier cambio y\/o modificaci\u00f3n al presente Aviso de Privacidad ser\u00e1 dado a conocer mediante medio impreso y\/o digital en www.mobex.mx<\/p>\n","protected":false},"excerpt":{"rendered":"<p>Aviso de Privacidad El presente Aviso de Privacidad rige el tratamiento de los datos personales por parte de Mobex, con domicilio en Alfa 77 \u2013 A, Col. Patriotismo, Puebla, Puebla&#8230;.<\/p>\n","protected":false},"author":1,"featured_media":0,"parent":0,"menu_order":0,"comment_status":"closed","ping_status":"closed","template":"","meta":{"_monsterinsights_skip_tracking":false,"_monsterinsights_sitenote_active":false,"_monsterinsights_sitenote_note":"","_monsterinsights_sitenote_category":0,"_uf_show_specific_survey":0,"_uf_disable_surveys":false,"footnotes":""},"class_list":["post-230","page","type-page","status-publish"],"aioseo_notices":[],"_links":{"self":[{"href":"https:\/\/mobex.mx\/index.php\/wp-json\/wp\/v2\/pages\/230","targetHints":{"allow":["GET"]}}],"collection":[{"href":"https:\/\/mobex.mx\/index.php\/wp-json\/wp\/v2\/pages"}],"about":[{"href":"https:\/\/mobex.mx\/index.php\/wp-json\/wp\/v2\/types\/page"}],"author":[{"embeddable":true,"href":"https:\/\/mobex.mx\/index.php\/wp-json\/wp\/v2\/users\/1"}],"replies":[{"embeddable":true,"href":"https:\/\/mobex.mx\/index.php\/wp-json\/wp\/v2\/comments?post=230"}],"version-history":[{"count":3,"href":"https:\/\/mobex.mx\/index.php\/wp-json\/wp\/v2\/pages\/230\/revisions"}],"predecessor-version":[{"id":234,"href":"https:\/\/mobex.mx\/index.php\/wp-json\/wp\/v2\/pages\/230\/revisions\/234"}],"wp:attachment":[{"href":"https:\/\/mobex.mx\/index.php\/wp-json\/wp\/v2\/media?parent=230"}],"curies":[{"name":"wp","href":"https:\/\/api.w.org\/{rel}","templated":true}]}}